{"id":5529,"date":"2020-07-08T07:25:30","date_gmt":"2020-07-08T07:25:30","guid":{"rendered":"https:\/\/singlemalt.qodeinteractive.com\/?page_id=1122"},"modified":"2026-02-03T20:07:06","modified_gmt":"2026-02-03T20:07:06","slug":"mixiologia","status":"publish","type":"page","link":"https:\/\/atadomezcal.com\/en\/mixiologia\/","title":{"rendered":"Mixiology"},"content":{"rendered":"<div data-elementor-type=\"wp-page\" data-elementor-id=\"5529\" class=\"elementor elementor-5529\" data-elementor-post-type=\"page\">\n\t\t\t\t\t\t\t\t\t<section class=\"elementor-section elementor-top-section elementor-element elementor-element-ce2a225 elementor-section-full_width elementor-section-height-min-height elementor-section-height-default elementor-section-items-middle qodef-elementor-content-no\" data-id=\"ce2a225\" data-element_type=\"section\" data-settings=\"{&quot;background_background&quot;:&quot;classic&quot;}\">\n\t\t\t\t\t\t\t<div class=\"elementor-background-overlay\"><\/div>\n\t\t\t\t\t\t\t<div class=\"elementor-container elementor-column-gap-default\">\n\t\t\t\t\t<div class=\"elementor-column elementor-col-100 elementor-top-column elementor-element elementor-element-8c42331\" data-id=\"8c42331\" data-element_type=\"column\">\n\t\t\t<div class=\"elementor-widget-wrap elementor-element-populated\">\n\t\t\t\t\t\t\t\t<div class=\"elementor-element elementor-element-651f32e elementor-widget elementor-widget-spacer\" data-id=\"651f32e\" data-element_type=\"widget\" data-widget_type=\"spacer.default\">\n\t\t\t\t<div class=\"elementor-widget-container\">\n\t\t\t<style>\/*! elementor - v3.14.0 - 18-06-2023 *\/\n.elementor-column .elementor-spacer-inner{height:var(--spacer-size)}.e-con{--container-widget-width:100%}.e-con-inner>.elementor-widget-spacer,.e-con>.elementor-widget-spacer{width:var(--container-widget-width,var(--spacer-size));--align-self:var(--container-widget-align-self,initial);--flex-shrink:0}.e-con-inner>.elementor-widget-spacer>.elementor-widget-container,.e-con-inner>.elementor-widget-spacer>.elementor-widget-container>.elementor-spacer,.e-con>.elementor-widget-spacer>.elementor-widget-container,.e-con>.elementor-widget-spacer>.elementor-widget-container>.elementor-spacer{height:100%}.e-con-inner>.elementor-widget-spacer>.elementor-widget-container>.elementor-spacer>.elementor-spacer-inner,.e-con>.elementor-widget-spacer>.elementor-widget-container>.elementor-spacer>.elementor-spacer-inner{height:var(--container-widget-height,var(--spacer-size))}<\/style>\t\t<div class=\"elementor-spacer\">\n\t\t\t<div class=\"elementor-spacer-inner\"><\/div>\n\t\t<\/div>\n\t\t\t\t<\/div>\n\t\t\t\t<\/div>\n\t\t\t\t<div class=\"elementor-element elementor-element-50da4a6 elementor-widget elementor-widget-heading\" data-id=\"50da4a6\" data-element_type=\"widget\" data-widget_type=\"heading.default\">\n\t\t\t\t<div class=\"elementor-widget-container\">\n\t\t\t<style>\/*! elementor - v3.14.0 - 18-06-2023 *\/\n.elementor-heading-title{padding:0;margin:0;line-height:1}.elementor-widget-heading .elementor-heading-title[class*=elementor-size-]>a{color:inherit;font-size:inherit;line-height:inherit}.elementor-widget-heading .elementor-heading-title.elementor-size-small{font-size:15px}.elementor-widget-heading .elementor-heading-title.elementor-size-medium{font-size:19px}.elementor-widget-heading .elementor-heading-title.elementor-size-large{font-size:29px}.elementor-widget-heading .elementor-heading-title.elementor-size-xl{font-size:39px}.elementor-widget-heading .elementor-heading-title.elementor-size-xxl{font-size:59px}<\/style><h1 class=\"elementor-heading-title elementor-size-default\">MIXIOLOGY<\/h1>\t\t<\/div>\n\t\t\t\t<\/div>\n\t\t\t\t<div class=\"elementor-element elementor-element-879d993 elementor-widget elementor-widget-text-editor\" data-id=\"879d993\" data-element_type=\"widget\" data-widget_type=\"text-editor.default\">\n\t\t\t\t<div class=\"elementor-widget-container\">\n\t\t\t<style>\/*! elementor - v3.14.0 - 18-06-2023 *\/\n.elementor-widget-text-editor.elementor-drop-cap-view-stacked .elementor-drop-cap{background-color:#69727d;color:#fff}.elementor-widget-text-editor.elementor-drop-cap-view-framed .elementor-drop-cap{color:#69727d;border:3px solid;background-color:transparent}.elementor-widget-text-editor:not(.elementor-drop-cap-view-default) .elementor-drop-cap{margin-top:8px}.elementor-widget-text-editor:not(.elementor-drop-cap-view-default) .elementor-drop-cap-letter{width:1em;height:1em}.elementor-widget-text-editor .elementor-drop-cap{float:left;text-align:center;line-height:1;font-size:50px}.elementor-widget-text-editor .elementor-drop-cap-letter{display:inline-block}<\/style>\t\t\t\t<p class=\"p1\">In this section you will enjoy an entertaining recipe book that we will be nourishing with the recommendations of the best mixologists in Mexico and the world on the flavors and sensations that provoke the blends with our distillates.<\/p><p class=\"p1\">You will love it!<\/p>\t\t\t\t\t\t<\/div>\n\t\t\t\t<\/div>\n\t\t\t\t\t<\/div>\n\t\t<\/div>\n\t\t\t\t\t\t\t<\/div>\n\t\t<\/section>\n\t\t\t\t<section class=\"elementor-section elementor-top-section elementor-element elementor-element-d367b72 elementor-section-full_width elementor-section-height-default elementor-section-height-default qodef-elementor-content-no\" data-id=\"d367b72\" data-element_type=\"section\">\n\t\t\t\t\t\t<div class=\"elementor-container elementor-column-gap-default\">\n\t\t\t\t\t<div class=\"elementor-column elementor-col-100 elementor-top-column elementor-element elementor-element-53b5f2c\" data-id=\"53b5f2c\" data-element_type=\"column\">\n\t\t\t<div class=\"elementor-widget-wrap elementor-element-populated\">\n\t\t\t\t\t\t\t\t<div class=\"elementor-element elementor-element-f19392e elementor-grid-3 elementor-grid-tablet-2 elementor-grid-mobile-1 elementor-posts--thumbnail-top elementor-card-shadow-yes elementor-posts__hover-gradient elementor-widget elementor-widget-posts\" data-id=\"f19392e\" data-element_type=\"widget\" data-settings=\"{&quot;pagination_type&quot;:&quot;load_more_infinite_scroll&quot;,&quot;cards_masonry&quot;:&quot;yes&quot;,&quot;cards_columns&quot;:&quot;3&quot;,&quot;cards_columns_tablet&quot;:&quot;2&quot;,&quot;cards_columns_mobile&quot;:&quot;1&quot;,&quot;cards_row_gap&quot;:{&quot;unit&quot;:&quot;px&quot;,&quot;size&quot;:35,&quot;sizes&quot;:[]},&quot;cards_row_gap_tablet&quot;:{&quot;unit&quot;:&quot;px&quot;,&quot;size&quot;:&quot;&quot;,&quot;sizes&quot;:[]},&quot;cards_row_gap_mobile&quot;:{&quot;unit&quot;:&quot;px&quot;,&quot;size&quot;:&quot;&quot;,&quot;sizes&quot;:[]},&quot;load_more_spinner&quot;:{&quot;value&quot;:&quot;fas fa-spinner&quot;,&quot;library&quot;:&quot;fa-solid&quot;}}\" data-widget_type=\"posts.cards\">\n\t\t\t\t<div class=\"elementor-widget-container\">\n\t\t\t<link rel=\"stylesheet\" href=\"https:\/\/atadomezcal.com\/wp-content\/plugins\/elementor-pro\/assets\/css\/widget-posts.min.css\">\t\t<div class=\"elementor-posts-container elementor-posts elementor-posts--skin-cards elementor-grid\">\n\t\t\t\t<article class=\"elementor-post elementor-grid-item post-7255 post type-post status-publish format-standard hentry category-blog\">\n\t\t\t<div class=\"elementor-post__card\">\n\t\t\t\t<div class=\"elementor-post__text\">\n\t\t\t\t<h3 class=\"elementor-post__title\">\n\t\t\t<a href=\"https:\/\/atadomezcal.com\/en\/atadomango-nueva-forma\/\" >\n\t\t\t\tATADO MANGO: UNA NUEVA FORMA DE VIVIR EL MEZCAL\t\t\t<\/a>\n\t\t<\/h3>\n\t\t\t\t<div class=\"elementor-post__excerpt\">\n\t\t\t<p>Ritual de fruta, fuego y tiempo. Fotograf\u00eda_ Lorena Guti\u00e9rrez Photo El mezcal siempre ha sido encuentro. Mesa compartida. Tiempo que se alarga. Y bajo esa<\/p>\n\t\t<\/div>\n\t\t\n\t\t<a class=\"elementor-post__read-more\" href=\"https:\/\/atadomezcal.com\/en\/atadomango-nueva-forma\/\" aria-label=\"Read more about ATADO MANGO: UNA NUEVA FORMA DE VIVIR EL MEZCAL\" >\n\t\t\tRead Recipe \u00bb\t\t<\/a>\n\n\t\t\t\t<\/div>\n\t\t\t\t<div class=\"elementor-post__meta-data\">\n\t\t\t\t\t<span class=\"elementor-post-date\">\n\t\t\tMarch 27, 2026\t\t<\/span>\n\t\t\t\t<span class=\"elementor-post-avatar\">\n\t\t\tNo Comments\t\t<\/span>\n\t\t\t\t<\/div>\n\t\t\t\t\t<\/div>\n\t\t<\/article>\n\t\t\t\t<article class=\"elementor-post elementor-grid-item post-7219 post type-post status-publish format-standard hentry category-blog\">\n\t\t\t<div class=\"elementor-post__card\">\n\t\t\t\t<div class=\"elementor-post__text\">\n\t\t\t\t<h3 class=\"elementor-post__title\">\n\t\t\t<a href=\"https:\/\/atadomezcal.com\/en\/conoce-a-pablo-drette\/\" >\n\t\t\t\tConoce a Pablo Drette.\t\t\t<\/a>\n\t\t<\/h3>\n\t\t\t\t<div class=\"elementor-post__excerpt\">\n\t\t\t<p>El artista que dio vida al arte de nuestra etiqueta Atado-Mango. Drette es un joven artista de 19 a\u00f1os, nacido y radicado en San Luis<\/p>\n\t\t<\/div>\n\t\t\n\t\t<a class=\"elementor-post__read-more\" href=\"https:\/\/atadomezcal.com\/en\/conoce-a-pablo-drette\/\" aria-label=\"Read more about Conoce a Pablo Drette.\" >\n\t\t\tRead Recipe \u00bb\t\t<\/a>\n\n\t\t\t\t<\/div>\n\t\t\t\t<div class=\"elementor-post__meta-data\">\n\t\t\t\t\t<span class=\"elementor-post-date\">\n\t\t\tMarch 17, 2026\t\t<\/span>\n\t\t\t\t<span class=\"elementor-post-avatar\">\n\t\t\t1 Comment\t\t<\/span>\n\t\t\t\t<\/div>\n\t\t\t\t\t<\/div>\n\t\t<\/article>\n\t\t\t\t<article class=\"elementor-post elementor-grid-item post-7133 post type-post status-publish format-standard has-post-thumbnail hentry category-mixiologia\">\n\t\t\t<div class=\"elementor-post__card\">\n\t\t\t\t<a class=\"elementor-post__thumbnail__link\" href=\"https:\/\/atadomezcal.com\/en\/smokyorigin\/\" ><div class=\"elementor-post__thumbnail\"><img width=\"768\" height=\"1152\" src=\"https:\/\/atadomezcal.com\/wp-content\/uploads\/2026\/02\/356A0366-EditBAJA-RESOLUCION-WEB-768x1152.jpg\" class=\"attachment-medium_large size-medium_large wp-image-7163\" alt=\"\" decoding=\"async\" loading=\"lazy\" srcset=\"https:\/\/atadomezcal.com\/wp-content\/uploads\/2026\/02\/356A0366-EditBAJA-RESOLUCION-WEB-768x1152.jpg 768w, https:\/\/atadomezcal.com\/wp-content\/uploads\/2026\/02\/356A0366-EditBAJA-RESOLUCION-WEB-300x450.jpg 300w, https:\/\/atadomezcal.com\/wp-content\/uploads\/2026\/02\/356A0366-EditBAJA-RESOLUCION-WEB-600x900.jpg 600w, https:\/\/atadomezcal.com\/wp-content\/uploads\/2026\/02\/356A0366-EditBAJA-RESOLUCION-WEB-200x300.jpg 200w, https:\/\/atadomezcal.com\/wp-content\/uploads\/2026\/02\/356A0366-EditBAJA-RESOLUCION-WEB-683x1024.jpg 683w, https:\/\/atadomezcal.com\/wp-content\/uploads\/2026\/02\/356A0366-EditBAJA-RESOLUCION-WEB-1024x1536.jpg 1024w, https:\/\/atadomezcal.com\/wp-content\/uploads\/2026\/02\/356A0366-EditBAJA-RESOLUCION-WEB-8x12.jpg 8w, https:\/\/atadomezcal.com\/wp-content\/uploads\/2026\/02\/356A0366-EditBAJA-RESOLUCION-WEB.jpg 1311w\" sizes=\"(max-width: 768px) 100vw, 768px\" \/><\/div><\/a>\n\t\t\t\t<div class=\"elementor-post__text\">\n\t\t\t\t<h3 class=\"elementor-post__title\">\n\t\t\t<a href=\"https:\/\/atadomezcal.com\/en\/smokyorigin\/\" >\n\t\t\t\tSmoky Origin \u00b7 Margarita insignia de Atado Mezcal Artesanal\t\t\t<\/a>\n\t\t<\/h3>\n\t\t\t\t<div class=\"elementor-post__excerpt\">\n\t\t\t<p>Los c\u00edtricos vibrantes se encuentran con un sutil ahumado, dando inicio al ritual y revelando el car\u00e1cter refinado de ATADO. Ingredientes: 50 ml de Atado&nbsp;Mezcal<\/p>\n\t\t<\/div>\n\t\t\n\t\t<a class=\"elementor-post__read-more\" href=\"https:\/\/atadomezcal.com\/en\/smokyorigin\/\" aria-label=\"Read more about Smoky Origin \u00b7 Margarita insignia de Atado Mezcal Artesanal\" >\n\t\t\tRead Recipe \u00bb\t\t<\/a>\n\n\t\t\t\t<\/div>\n\t\t\t\t<div class=\"elementor-post__meta-data\">\n\t\t\t\t\t<span class=\"elementor-post-date\">\n\t\t\tFebruary 3, 2026\t\t<\/span>\n\t\t\t\t<span class=\"elementor-post-avatar\">\n\t\t\tNo Comments\t\t<\/span>\n\t\t\t\t<\/div>\n\t\t\t\t\t<\/div>\n\t\t<\/article>\n\t\t\t\t<article class=\"elementor-post elementor-grid-item post-6596 post type-post status-publish format-standard has-post-thumbnail hentry category-mixiologia\">\n\t\t\t<div class=\"elementor-post__card\">\n\t\t\t\t<a class=\"elementor-post__thumbnail__link\" href=\"https:\/\/atadomezcal.com\/en\/cocket-atadito-receta-para-mezcal\/\" ><div class=\"elementor-post__thumbnail\"><img width=\"768\" height=\"960\" src=\"https:\/\/atadomezcal.com\/wp-content\/uploads\/2021\/11\/1350-x-1080-768x960.jpg\" class=\"attachment-medium_large size-medium_large wp-image-6599\" alt=\"cockel atadito\" decoding=\"async\" loading=\"lazy\" srcset=\"https:\/\/atadomezcal.com\/wp-content\/uploads\/2021\/11\/1350-x-1080-768x960.jpg 768w, https:\/\/atadomezcal.com\/wp-content\/uploads\/2021\/11\/1350-x-1080-300x375.jpg 300w, https:\/\/atadomezcal.com\/wp-content\/uploads\/2021\/11\/1350-x-1080-600x750.jpg 600w, https:\/\/atadomezcal.com\/wp-content\/uploads\/2021\/11\/1350-x-1080-240x300.jpg 240w, https:\/\/atadomezcal.com\/wp-content\/uploads\/2021\/11\/1350-x-1080-819x1024.jpg 819w, https:\/\/atadomezcal.com\/wp-content\/uploads\/2021\/11\/1350-x-1080-10x12.jpg 10w, https:\/\/atadomezcal.com\/wp-content\/uploads\/2021\/11\/1350-x-1080.jpg 1080w\" sizes=\"(max-width: 768px) 100vw, 768px\" \/><\/div><\/a>\n\t\t\t\t<div class=\"elementor-post__text\">\n\t\t\t\t<h3 class=\"elementor-post__title\">\n\t\t\t<a href=\"https:\/\/atadomezcal.com\/en\/cocket-atadito-receta-para-mezcal\/\" >\n\t\t\t\tCocktail Atadito, receta para mezcal\t\t\t<\/a>\n\t\t<\/h3>\n\t\t\t\t<div class=\"elementor-post__excerpt\">\n\t\t\t<p>Ingredientes: 60 ml de Mezcal Atado 25 ml de Oleo Saccharum de Naranja con Manzanilla&nbsp; 3 gotas de bitter orange con azafr\u00e1n. Preparaci\u00f3n: Se enfr\u00edan<\/p>\n\t\t<\/div>\n\t\t\n\t\t<a class=\"elementor-post__read-more\" href=\"https:\/\/atadomezcal.com\/en\/cocket-atadito-receta-para-mezcal\/\" aria-label=\"Read more about Cocktail Atadito, receta para mezcal\" >\n\t\t\tRead Recipe \u00bb\t\t<\/a>\n\n\t\t\t\t<\/div>\n\t\t\t\t<div class=\"elementor-post__meta-data\">\n\t\t\t\t\t<span class=\"elementor-post-date\">\n\t\t\tNovember 25, 2021\t\t<\/span>\n\t\t\t\t<span class=\"elementor-post-avatar\">\n\t\t\tNo Comments\t\t<\/span>\n\t\t\t\t<\/div>\n\t\t\t\t\t<\/div>\n\t\t<\/article>\n\t\t\t\t<article class=\"elementor-post elementor-grid-item post-6420 post type-post status-publish format-standard has-post-thumbnail hentry category-mixiologia\">\n\t\t\t<div class=\"elementor-post__card\">\n\t\t\t\t<a class=\"elementor-post__thumbnail__link\" href=\"https:\/\/atadomezcal.com\/en\/jose-refugio-mixiologo\/\" ><div class=\"elementor-post__thumbnail\"><img width=\"768\" height=\"1103\" src=\"https:\/\/atadomezcal.com\/wp-content\/uploads\/2021\/10\/Jose-Refugio-768x1103.jpg\" class=\"attachment-medium_large size-medium_large wp-image-6421\" alt=\"Jose Refugio\" decoding=\"async\" loading=\"lazy\" srcset=\"https:\/\/atadomezcal.com\/wp-content\/uploads\/2021\/10\/Jose-Refugio-768x1103.jpg 768w, https:\/\/atadomezcal.com\/wp-content\/uploads\/2021\/10\/Jose-Refugio-300x431.jpg 300w, https:\/\/atadomezcal.com\/wp-content\/uploads\/2021\/10\/Jose-Refugio-600x862.jpg 600w, https:\/\/atadomezcal.com\/wp-content\/uploads\/2021\/10\/Jose-Refugio-209x300.jpg 209w, https:\/\/atadomezcal.com\/wp-content\/uploads\/2021\/10\/Jose-Refugio-713x1024.jpg 713w, https:\/\/atadomezcal.com\/wp-content\/uploads\/2021\/10\/Jose-Refugio-8x12.jpg 8w, https:\/\/atadomezcal.com\/wp-content\/uploads\/2021\/10\/Jose-Refugio.jpg 891w\" sizes=\"(max-width: 768px) 100vw, 768px\" \/><\/div><\/a>\n\t\t\t\t<div class=\"elementor-post__text\">\n\t\t\t\t<h3 class=\"elementor-post__title\">\n\t\t\t<a href=\"https:\/\/atadomezcal.com\/en\/jose-refugio-mixiologo\/\" >\n\t\t\t\tJose Refugio - Mixiologist\t\t\t<\/a>\n\t\t<\/h3>\n\t\t\t\t<div class=\"elementor-post__excerpt\">\n\t\t\t\t\t<\/div>\n\t\t\n\t\t<a class=\"elementor-post__read-more\" href=\"https:\/\/atadomezcal.com\/en\/jose-refugio-mixiologo\/\" aria-label=\"Read more about Jose Refugio &#8211; Mixi\u00f3logo\" >\n\t\t\tRead Recipe \u00bb\t\t<\/a>\n\n\t\t\t\t<\/div>\n\t\t\t\t<div class=\"elementor-post__meta-data\">\n\t\t\t\t\t<span class=\"elementor-post-date\">\n\t\t\tNovember 1, 2021\t\t<\/span>\n\t\t\t\t<span class=\"elementor-post-avatar\">\n\t\t\tNo Comments\t\t<\/span>\n\t\t\t\t<\/div>\n\t\t\t\t\t<\/div>\n\t\t<\/article>\n\t\t\t\t<\/div>\n\t\t\t\t\t<span class=\"e-load-more-spinner\">\n\t\t\t\t<i aria-hidden=\"true\" class=\"fas fa-spinner\"><\/i>\t\t\t<\/span>\n\t\t\n\t\t\t\t<\/div>\n\t\t\t\t<\/div>\n\t\t\t\t\t<\/div>\n\t\t<\/div>\n\t\t\t\t\t\t\t<\/div>\n\t\t<\/section>\n\t\t\t\t\t\t\t<\/div>","protected":false},"excerpt":{"rendered":"<p>MIXIOLOG\u00cdA En esta secci\u00f3n disfrutar\u00e1s de un ameno recetario que iremos nutriendo con las recomendaciones de los mejores mixi\u00f3logos de M\u00e9xico y del mundo sobre los sabores y sensaciones que provocan las mezclas con nuestros destilados. \u00a1Te va a encantar!<\/p>","protected":false},"author":1,"featured_media":0,"parent":0,"menu_order":0,"comment_status":"closed","ping_status":"closed","template":"page-full-width.php","meta":[],"_links":{"self":[{"href":"https:\/\/atadomezcal.com\/en\/wp-json\/wp\/v2\/pages\/5529"}],"collection":[{"href":"https:\/\/atadomezcal.com\/en\/wp-json\/wp\/v2\/pages"}],"about":[{"href":"https:\/\/atadomezcal.com\/en\/wp-json\/wp\/v2\/types\/page"}],"author":[{"embeddable":true,"href":"https:\/\/atadomezcal.com\/en\/wp-json\/wp\/v2\/users\/1"}],"replies":[{"embeddable":true,"href":"https:\/\/atadomezcal.com\/en\/wp-json\/wp\/v2\/comments?post=5529"}],"version-history":[{"count":10,"href":"https:\/\/atadomezcal.com\/en\/wp-json\/wp\/v2\/pages\/5529\/revisions"}],"predecessor-version":[{"id":7159,"href":"https:\/\/atadomezcal.com\/en\/wp-json\/wp\/v2\/pages\/5529\/revisions\/7159"}],"wp:attachment":[{"href":"https:\/\/atadomezcal.com\/en\/wp-json\/wp\/v2\/media?parent=5529"}],"curies":[{"name":"wp","href":"https:\/\/api.w.org\/{rel}","templated":true}]}}