{"id":2373,"date":"2020-07-14T11:26:43","date_gmt":"2020-07-14T11:26:43","guid":{"rendered":"https:\/\/singlemalt.qodeinteractive.com\/?page_id=2373"},"modified":"2021-11-02T09:06:13","modified_gmt":"2021-11-02T09:06:13","slug":"nuestra-historia","status":"publish","type":"page","link":"https:\/\/atadomezcal.com\/en\/nuestra-historia\/","title":{"rendered":"Our History"},"content":{"rendered":"<div data-elementor-type=\"wp-page\" data-elementor-id=\"2373\" class=\"elementor elementor-2373\" data-elementor-post-type=\"page\">\n\t\t\t\t\t\t\t\t\t<section class=\"elementor-section elementor-top-section elementor-element elementor-element-7bdcd03 elementor-section-full_width qodef-elementor-content-grid elementor-section-height-default elementor-section-height-default\" data-id=\"7bdcd03\" data-element_type=\"section\">\n\t\t\t\t\t\t<div class=\"elementor-container elementor-column-gap-default\">\n\t\t\t\t\t<div class=\"elementor-column elementor-col-100 elementor-top-column elementor-element elementor-element-dacc033\" data-id=\"dacc033\" data-element_type=\"column\">\n\t\t\t<div class=\"elementor-widget-wrap elementor-element-populated\">\n\t\t\t\t\t\t\t\t<div class=\"elementor-element elementor-element-f58a74a elementor-widget elementor-widget-singlemalt_core_section_title\" data-id=\"f58a74a\" data-element_type=\"widget\" data-widget_type=\"singlemalt_core_section_title.default\">\n\t\t\t\t<div class=\"elementor-widget-container\">\n\t\t\t<div class=\"qodef-shortcode qodef-m  qodef-section-title qodef-alignment--center  qodef-appear-animation\">\n        <span class=\"qodef-m-caption\" style=\"margin: 0px 0px 14px 0px\">\n                    <span class=\"qodef-caption-line qodef--left\" ><\/span>\n                Get to know us                    <span class=\"qodef-caption-line qodef--right\" ><\/span>\n            <\/span>\n\t\t<h1 class=\"qodef-m-title\" style=\"color: #232323\">\n\t\t\t\t\tOUR HISTORY, MISSION AND VALUES\t\t\t<\/h1>\n\t\t<p class=\"qodef-m-text\" style=\"margin: 13px;color: #191919;font-size: 17px\">Get to know our brand and passion for Mezcal<\/p>\n<\/div>\t\t<\/div>\n\t\t\t\t<\/div>\n\t\t\t\t<section class=\"elementor-section elementor-inner-section elementor-element elementor-element-1fc36a0 elementor-section-full_width elementor-section-height-default elementor-section-height-default qodef-elementor-content-no\" data-id=\"1fc36a0\" data-element_type=\"section\">\n\t\t\t\t\t\t<div class=\"elementor-container elementor-column-gap-default\">\n\t\t\t\t\t<div class=\"elementor-column elementor-col-50 elementor-inner-column elementor-element elementor-element-0034791\" data-id=\"0034791\" data-element_type=\"column\">\n\t\t\t<div class=\"elementor-widget-wrap elementor-element-populated\">\n\t\t\t\t\t\t\t\t<div class=\"elementor-element elementor-element-8ac18ca elementor-invisible elementor-widget elementor-widget-text-editor\" data-id=\"8ac18ca\" data-element_type=\"widget\" data-settings=\"{&quot;_animation&quot;:&quot;fadeIn&quot;}\" data-widget_type=\"text-editor.default\">\n\t\t\t\t<div class=\"elementor-widget-container\">\n\t\t\t<style>\/*! elementor - v3.14.0 - 18-06-2023 *\/\n.elementor-widget-text-editor.elementor-drop-cap-view-stacked .elementor-drop-cap{background-color:#69727d;color:#fff}.elementor-widget-text-editor.elementor-drop-cap-view-framed .elementor-drop-cap{color:#69727d;border:3px solid;background-color:transparent}.elementor-widget-text-editor:not(.elementor-drop-cap-view-default) .elementor-drop-cap{margin-top:8px}.elementor-widget-text-editor:not(.elementor-drop-cap-view-default) .elementor-drop-cap-letter{width:1em;height:1em}.elementor-widget-text-editor .elementor-drop-cap{float:left;text-align:center;line-height:1;font-size:50px}.elementor-widget-text-editor .elementor-drop-cap-letter{display:inline-block}<\/style>\t\t\t\t<p class=\"p1\">Our image corresponds to an engraving made by the Oaxacan artist Irving Herrera. It represents a woman with a handkerchief tied to her head with which she holds two roosters.<\/p>\t\t\t\t\t\t<\/div>\n\t\t\t\t<\/div>\n\t\t\t\t<div class=\"elementor-element elementor-element-9b1ba06 elementor-invisible elementor-widget elementor-widget-text-editor\" data-id=\"9b1ba06\" data-element_type=\"widget\" data-settings=\"{&quot;_animation&quot;:&quot;fadeIn&quot;}\" data-widget_type=\"text-editor.default\">\n\t\t\t\t<div class=\"elementor-widget-container\">\n\t\t\t\t\t\t\t<p class=\"p1\">Women in the Mixe culture occupy a preponderant place because they not only contribute their care and dedication to the interior of the home, but also actively participate in the production of mezcal in each and every part of the process. That is why, in addition to honoring her for her intense work and her role as a pillar of the family, we do it through her intuition and her ancestral wisdom.<\/p>\t\t\t\t\t\t<\/div>\n\t\t\t\t<\/div>\n\t\t\t\t<div class=\"elementor-element elementor-element-863c4e3 elementor-invisible elementor-widget elementor-widget-singlemalt_core_button\" data-id=\"863c4e3\" data-element_type=\"widget\" data-settings=\"{&quot;_animation&quot;:&quot;fadeInUp&quot;}\" data-widget_type=\"singlemalt_core_button.default\">\n\t\t\t\t<div class=\"elementor-widget-container\">\n\t\t\t<a class=\"qodef-shortcode qodef-m  qodef-button qodef-layout--outlined  qodef-html--link qodef-skin--default qodef-skin--default\" href=\"https:\/\/atadomezcal.com\/wp-content\/uploads\/2021\/11\/ATADO_English_Octubre_.pdf\" target=\"_blank\" data-hover-color=\"#FFFFFF\" data-hover-background-color=\"#BC9D72\" style=\"border-color: #BC9D72;font-size: 12px\">\n\t<span class=\"qodef-m-text\">\n        Download PDF Presentation\n        <span class=\"qodef-button-arrow-svg\">\n            <svg version=\"1.1\" xmlns=\"http:\/\/www.w3.org\/2000\/svg\" xmlns:xlink=\"http:\/\/www.w3.org\/1999\/xlink\" x=\"0px\" y=\"0px\"\n                 width=\"14\" height=\"7\" viewbox=\"0 0 14.26 7.012\" enable-background=\"new 0 0 14.26 7.012\" xml:space=\"preserve\">\n                <line fill=\"none\" stroke-miterlimit=\"10\" x1=\"0\" y1=\"3.506\" x2=\"13.553\" y2=\"3.506\"\/>\n                <polyline fill=\"none\" stroke-miterlimit=\"10\" points=\"10.4,0.354 13.553,3.507 10.4,6.659 \"\/>\n            <\/svg>\n        <\/span>\n    <\/span>\n<\/a>\t\t<\/div>\n\t\t\t\t<\/div>\n\t\t\t\t\t<\/div>\n\t\t<\/div>\n\t\t\t\t<div class=\"elementor-column elementor-col-50 elementor-inner-column elementor-element elementor-element-37aeb7f\" data-id=\"37aeb7f\" data-element_type=\"column\">\n\t\t\t<div class=\"elementor-widget-wrap elementor-element-populated\">\n\t\t\t\t\t\t\t\t<div class=\"elementor-element elementor-element-4585ac1 elementor-invisible elementor-widget elementor-widget-image\" data-id=\"4585ac1\" data-element_type=\"widget\" data-settings=\"{&quot;_animation&quot;:&quot;fadeInRight&quot;}\" data-widget_type=\"image.default\">\n\t\t\t\t<div class=\"elementor-widget-container\">\n\t\t\t<style>\/*! elementor - v3.14.0 - 18-06-2023 *\/\n.elementor-widget-image{text-align:center}.elementor-widget-image a{display:inline-block}.elementor-widget-image a img[src$=\".svg\"]{width:48px}.elementor-widget-image img{vertical-align:middle;display:inline-block}<\/style>\t\t\t\t\t\t\t\t\t\t\t\t<img decoding=\"async\" width=\"1024\" height=\"1008\" src=\"https:\/\/atadomezcal.com\/wp-content\/uploads\/2021\/10\/Imagen-1-1024x1008.jpeg\" class=\"attachment-large size-large wp-image-6385\" alt=\"\" loading=\"lazy\" srcset=\"https:\/\/atadomezcal.com\/wp-content\/uploads\/2021\/10\/Imagen-1-1024x1008.jpeg 1024w, https:\/\/atadomezcal.com\/wp-content\/uploads\/2021\/10\/Imagen-1-300x295.jpeg 300w, https:\/\/atadomezcal.com\/wp-content\/uploads\/2021\/10\/Imagen-1-600x590.jpeg 600w, https:\/\/atadomezcal.com\/wp-content\/uploads\/2021\/10\/Imagen-1-768x756.jpeg 768w, https:\/\/atadomezcal.com\/wp-content\/uploads\/2021\/10\/Imagen-1-12x12.jpeg 12w, https:\/\/atadomezcal.com\/wp-content\/uploads\/2021\/10\/Imagen-1.jpeg 1125w\" sizes=\"(max-width: 1024px) 100vw, 1024px\" \/>\t\t\t\t\t\t\t\t\t\t\t\t\t\t\t<\/div>\n\t\t\t\t<\/div>\n\t\t\t\t\t<\/div>\n\t\t<\/div>\n\t\t\t\t\t\t\t<\/div>\n\t\t<\/section>\n\t\t\t\t\t<\/div>\n\t\t<\/div>\n\t\t\t\t\t\t\t<\/div>\n\t\t<\/section>\n\t\t\t\t<section class=\"elementor-section elementor-top-section elementor-element elementor-element-87d8807 elementor-section-boxed elementor-section-height-default elementor-section-height-default qodef-elementor-content-no\" data-id=\"87d8807\" data-element_type=\"section\">\n\t\t\t\t\t\t<div class=\"elementor-container elementor-column-gap-default\">\n\t\t\t\t\t<div class=\"elementor-column elementor-col-100 elementor-top-column elementor-element elementor-element-0a94965\" data-id=\"0a94965\" data-element_type=\"column\">\n\t\t\t<div class=\"elementor-widget-wrap elementor-element-populated\">\n\t\t\t\t\t\t\t\t<div class=\"elementor-element elementor-element-1ec99cd elementor-invisible elementor-widget elementor-widget-text-editor\" data-id=\"1ec99cd\" data-element_type=\"widget\" data-settings=\"{&quot;_animation&quot;:&quot;fadeIn&quot;}\" data-widget_type=\"text-editor.default\">\n\t\t\t\t<div class=\"elementor-widget-container\">\n\t\t\t\t\t\t\t<p>Our values are represented in honoring the land and what it produces, in teamwork, in the sustainability and sustainability of our project and in the love for our roots, our culture and our traditions.<\/p>\t\t\t\t\t\t<\/div>\n\t\t\t\t<\/div>\n\t\t\t\t\t<\/div>\n\t\t<\/div>\n\t\t\t\t\t\t\t<\/div>\n\t\t<\/section>\n\t\t\t\t<section class=\"qodef-row-frame elementor-section elementor-top-section elementor-element elementor-element-379f3230 qodef-elementor-content-grid elementor-section-boxed elementor-section-height-default elementor-section-height-default\" data-id=\"379f3230\" data-element_type=\"section\">\n\t\t\t\t\t\t<div class=\"elementor-container elementor-column-gap-default\">\n\t\t\t\t\t<div class=\"elementor-column elementor-col-100 elementor-top-column elementor-element elementor-element-7fc05fe7\" data-id=\"7fc05fe7\" data-element_type=\"column\">\n\t\t\t<div class=\"elementor-widget-wrap elementor-element-populated\">\n\t\t\t\t\t\t\t\t<div class=\"elementor-element elementor-element-d7ccf00 elementor-widget elementor-widget-singlemalt_core_section_title\" data-id=\"d7ccf00\" data-element_type=\"widget\" data-widget_type=\"singlemalt_core_section_title.default\">\n\t\t\t\t<div class=\"elementor-widget-container\">\n\t\t\t<div class=\"qodef-shortcode qodef-m  qodef-section-title qodef-alignment--center  qodef-appear-animation\">\n        <span class=\"qodef-m-caption\" style=\"margin: 0px 0px 14px 0px\">\n                    <span class=\"qodef-caption-line qodef--left\" ><\/span>\n                Video                    <span class=\"qodef-caption-line qodef--right\" ><\/span>\n            <\/span>\n\t\t<h1 class=\"qodef-m-title\" style=\"color: #232323\">\n\t\t\t\t\tDiscover Atado Mezcal\t\t\t<\/h1>\n\t\t<p class=\"qodef-m-text\" style=\"margin: 13px;color: #191919;font-size: 17px\">Our values and tradition<\/p>\n<\/div>\t\t<\/div>\n\t\t\t\t<\/div>\n\t\t\t\t<div class=\"elementor-element elementor-element-72ffeb6 elementor-widget elementor-widget-video\" data-id=\"72ffeb6\" data-element_type=\"widget\" data-settings=\"{&quot;video_type&quot;:&quot;hosted&quot;,&quot;controls&quot;:&quot;yes&quot;}\" data-widget_type=\"video.default\">\n\t\t\t\t<div class=\"elementor-widget-container\">\n\t\t\t<style>\/*! elementor - v3.14.0 - 18-06-2023 *\/\n.elementor-widget-video .elementor-widget-container{overflow:hidden;transform:translateZ(0)}.elementor-widget-video .elementor-wrapper{aspect-ratio:var(--video-aspect-ratio)}.elementor-widget-video .elementor-wrapper iframe,.elementor-widget-video .elementor-wrapper video{height:100%;width:100%;display:flex;border:none;background-color:#000}@supports not (aspect-ratio:1\/1){.elementor-widget-video .elementor-wrapper{position:relative;overflow:hidden;height:0;padding-bottom:calc(100% \/ var(--video-aspect-ratio))}.elementor-widget-video .elementor-wrapper iframe,.elementor-widget-video .elementor-wrapper video{position:absolute;top:0;right:0;bottom:0;left:0}}.elementor-widget-video .elementor-open-inline .elementor-custom-embed-image-overlay{position:absolute;top:0;left:0;width:100%;height:100%;background-size:cover;background-position:50%}.elementor-widget-video .elementor-custom-embed-image-overlay{cursor:pointer;text-align:center}.elementor-widget-video .elementor-custom-embed-image-overlay:hover .elementor-custom-embed-play i{opacity:1}.elementor-widget-video .elementor-custom-embed-image-overlay img{display:block;width:100%}.elementor-widget-video .e-hosted-video .elementor-video{-o-object-fit:cover;object-fit:cover}.e-con-inner>.elementor-widget-video,.e-con>.elementor-widget-video{width:var(--container-widget-width);--flex-grow:var(--container-widget-flex-grow)}<\/style>\t\t<div class=\"e-hosted-video elementor-wrapper elementor-open-inline\">\n\t\t\t\t\t<video class=\"elementor-video\" src=\"https:\/\/atadomezcal.com\/wp-content\/uploads\/2021\/10\/nuestra-historia.m4v\" controls=\"\" preload=\"metadata\" controlslist=\"nodownload\" poster=\"https:\/\/atadomezcal.com\/wp-content\/uploads\/2021\/10\/Captura-de-pantalla-2021-10-18-a-las-12.26.31-min.png\"><\/video>\n\t\t\t\t<\/div>\n\t\t\t\t<\/div>\n\t\t\t\t<\/div>\n\t\t\t\t\t<\/div>\n\t\t<\/div>\n\t\t\t\t\t\t\t<\/div>\n\t\t<\/section>\n\t\t\t\t\t\t\t<\/div>","protected":false},"excerpt":{"rendered":"<p>Con\u00f3cenos Misi\u00f3n y Valores Con\u00f3ce nuestra marca y pasi\u00f3n por el Mezcal Nuestra imagen corresponde a un grabado realizado por el artista pl\u00e1stico oaxaque\u00f1o Irving Herrera. Es la representaci\u00f3n de una mujer con un pa\u00f1uelo atado a la cabeza con el que sostiene a dos gallos. La mujer en la cultura Mixe ocupa un lugar [&hellip;]<\/p>","protected":false},"author":1,"featured_media":0,"parent":0,"menu_order":0,"comment_status":"closed","ping_status":"closed","template":"page-full-width.php","meta":[],"_links":{"self":[{"href":"https:\/\/atadomezcal.com\/en\/wp-json\/wp\/v2\/pages\/2373"}],"collection":[{"href":"https:\/\/atadomezcal.com\/en\/wp-json\/wp\/v2\/pages"}],"about":[{"href":"https:\/\/atadomezcal.com\/en\/wp-json\/wp\/v2\/types\/page"}],"author":[{"embeddable":true,"href":"https:\/\/atadomezcal.com\/en\/wp-json\/wp\/v2\/users\/1"}],"replies":[{"embeddable":true,"href":"https:\/\/atadomezcal.com\/en\/wp-json\/wp\/v2\/comments?post=2373"}],"version-history":[{"count":0,"href":"https:\/\/atadomezcal.com\/en\/wp-json\/wp\/v2\/pages\/2373\/revisions"}],"wp:attachment":[{"href":"https:\/\/atadomezcal.com\/en\/wp-json\/wp\/v2\/media?parent=2373"}],"curies":[{"name":"wp","href":"https:\/\/api.w.org\/{rel}","templated":true}]}}